{"id":99,"date":"2021-10-16T16:42:54","date_gmt":"2021-10-16T14:42:54","guid":{"rendered":"http:\/\/powidla.etnomuzeum.pl\/?page_id=99"},"modified":"2021-10-18T12:18:15","modified_gmt":"2021-10-18T10:18:15","slug":"autorzy","status":"publish","type":"page","link":"http:\/\/powidla.etnomuzeum.pl\/?page_id=99","title":{"rendered":"autorzy"},"content":{"rendered":"[vc_row type=&#8221;full_width_background&#8221; full_screen_row_position=&#8221;middle&#8221; column_margin=&#8221;default&#8221; column_direction=&#8221;default&#8221; column_direction_tablet=&#8221;default&#8221; column_direction_phone=&#8221;default&#8221; mouse_based_parallax_bg=&#8221;true&#8221; scene_position=&#8221;center&#8221; mouse_sensitivity=&#8221;25&#8243; layer_one_image=&#8221;100&#8243; layer_one_strength=&#8221;0.1&#8243; layer_two_image=&#8221;101&#8243; layer_two_strength=&#8221;0.5&#8243; bottom_padding=&#8221;1180&#8243; text_color=&#8221;dark&#8221; text_align=&#8221;left&#8221; row_border_radius=&#8221;none&#8221; row_border_radius_applies=&#8221;bg&#8221; overlay_strength=&#8221;0.3&#8243; gradient_direction=&#8221;left_to_right&#8221; shape_divider_position=&#8221;bottom&#8221; bg_image_animation=&#8221;none&#8221; shape_type=&#8221;&#8221;][vc_column column_padding=&#8221;no-extra-padding&#8221; column_padding_tablet=&#8221;inherit&#8221; column_padding_phone=&#8221;inherit&#8221; column_padding_position=&#8221;all&#8221; column_element_spacing=&#8221;default&#8221; background_color_opacity=&#8221;1&#8243; background_hover_color_opacity=&#8221;1&#8243; column_shadow=&#8221;none&#8221; column_border_radius=&#8221;none&#8221; column_link_target=&#8221;_self&#8221; gradient_direction=&#8221;left_to_right&#8221; overlay_strength=&#8221;0.3&#8243; width=&#8221;1\/1&#8243; tablet_width_inherit=&#8221;default&#8221; tablet_text_alignment=&#8221;default&#8221; phone_text_alignment=&#8221;default&#8221; bg_image_animation=&#8221;none&#8221; border_type=&#8221;simple&#8221; column_border_width=&#8221;none&#8221; column_border_style=&#8221;solid&#8221;][\/vc_column][\/vc_row][vc_row type=&#8221;in_container&#8221; full_screen_row_position=&#8221;middle&#8221; column_margin=&#8221;default&#8221; column_direction=&#8221;default&#8221; column_direction_tablet=&#8221;default&#8221; column_direction_phone=&#8221;default&#8221; scene_position=&#8221;center&#8221; text_color=&#8221;dark&#8221; text_align=&#8221;left&#8221; row_border_radius=&#8221;none&#8221; row_border_radius_applies=&#8221;bg&#8221; overlay_strength=&#8221;0.3&#8243; gradient_direction=&#8221;left_to_right&#8221; shape_divider_position=&#8221;bottom&#8221; bg_image_animation=&#8221;none&#8221;][vc_column column_padding=&#8221;no-extra-padding&#8221; column_padding_tablet=&#8221;inherit&#8221; column_padding_phone=&#8221;inherit&#8221; column_padding_position=&#8221;all&#8221; column_element_spacing=&#8221;default&#8221; background_color_opacity=&#8221;1&#8243; background_hover_color_opacity=&#8221;1&#8243; column_shadow=&#8221;none&#8221; column_border_radius=&#8221;none&#8221; column_link_target=&#8221;_self&#8221; gradient_direction=&#8221;left_to_right&#8221; overlay_strength=&#8221;0.3&#8243; width=&#8221;1\/1&#8243; tablet_width_inherit=&#8221;default&#8221; tablet_text_alignment=&#8221;default&#8221; phone_text_alignment=&#8221;default&#8221; bg_image_animation=&#8221;none&#8221; border_type=&#8221;simple&#8221; column_border_width=&#8221;none&#8221; column_border_style=&#8221;solid&#8221;][vc_column_text]\n<p class=\"p1\" style=\"text-align: center;\">Koncepcja p\u0142yty, teksty, wyb\u00f3r przepis\u00f3w kulinarnych,<br \/>\nwyb\u00f3r materia\u0142\u00f3w ilustracyjnych, re\u017cyseria filmu: Gra\u017cyna Szel\u0105gowska<br \/>\nRedakcja: Hubert Czachowski, Justyna S\u0142omska-Nowak<br \/>\nOpracowanie graficzne: Wojciech Kiwi Jaruszewski<br \/>\nRealizacja: Przemys\u0142aw Bielawowski<br \/>\nFotografie, skany, ryciny i film z Archiwum Muzeum Etnograficznego im. Marii Znamierowskiej-Pr\u00fcfferowej w Toruniu (MET), Archiwum Towarzystwa Przyjaci\u00f3\u0142 Dolnej Wis\u0142y, Muzeum Narodowego Rolnictwa i Przemys\u0142u Rolno-Spo\u017cywczego w Szreniawie, Polskiej Izby Produktu Regionalnego i Lokalnego,<br \/>\na tak\u017ce z archiw\u00f3w os\u00f3b prywatnych<\/p>\n<p class=\"p1\" style=\"text-align: center;\">Film <em>Sma\u017cenie powide\u0142<\/em> metod\u0105 tradycyjn\u0105, 2019, realizacja i monta\u017c: Bart\u0142omiej Oleszek. Film zrealizowano w gospodarstwie agroturystycznym Pa\u0144stwa Hanny i Jana Iwanowskich w Strzelcach Dolnych<br \/>\nW filmie wyst\u0105pili: Marta Piwowarczyk (zrywanie owoc\u00f3w, sma\u017cenie powide\u0142), Jan Iwanowski (opowie\u015b\u0107 o regionie i sma\u017ceniu powide\u0142)<br \/>\nFotografie: Krzysztof Bie\u0144kowski, Andrzej Budnik, Izabella Byszewska, Jan Iwanowski, Marek Machnikowski, Jaros\u0142aw Paj\u0105kowski, Piotr Pietrzak, Adam Zakrzewski<br \/>\nNagranie d\u017awi\u0119kowe <em>Strzelecka wie\u015b<\/em>, s\u0142owa &#8211; Jan Iwanowski, muzyka &#8211; fragmenty r\u00f3\u017cnych utwor\u00f3w ludowych w aran\u017cacji LeszkaKnoppa, wykonawcy: kapela podw\u00f3rkowa \u201eWeso\u0142e Antki\u201d w sk\u0142adzie<br \/>\nLeszek Knopp i Mieczys\u0142aw Lipecki<br \/>\nTekst \u201eDziedzictwo Niematerialne\u201d Hanna \u0141opaty\u0144ska, Toru\u0144 2016<\/p>\n<p class=\"p1\" style=\"text-align: center;\">Wydawca:<br \/>\nMuzeum Etnograficzne im. Marii Znamierowskiej-Pr\u00fcfferowej w Toruniu,<br \/>\nul. Wa\u0142y gen. Sikorskiego 19, 87-100 Toru\u0144<br \/>\nwww.etnomuzeum.pl <span class=\"Apple-converted-space\">\u00a0 \u00a0<\/span><\/p>\n[\/vc_column_text][\/vc_column][\/vc_row]\n","protected":false},"excerpt":{"rendered":"<p>[vc_row type=&#8221;full_width_background&#8221; full_screen_row_position=&#8221;middle&#8221; column_margin=&#8221;default&#8221; column_direction=&#8221;default&#8221; column_direction_tablet=&#8221;default&#8221; column_direction_phone=&#8221;default&#8221; mouse_based_parallax_bg=&#8221;true&#8221; scene_position=&#8221;center&#8221; mouse_sensitivity=&#8221;25&#8243; layer_one_image=&#8221;100&#8243; layer_one_strength=&#8221;0.1&#8243; layer_two_image=&#8221;101&#8243; layer_two_strength=&#8221;0.5&#8243; bottom_padding=&#8221;1180&#8243; text_color=&#8221;dark&#8221; text_align=&#8221;left&#8221; row_border_radius=&#8221;none&#8221; row_border_radius_applies=&#8221;bg&#8221; overlay_strength=&#8221;0.3&#8243; gradient_direction=&#8221;left_to_right&#8221; shape_divider_position=&#8221;bottom&#8221; bg_image_animation=&#8221;none&#8221; shape_type=&#8221;&#8221;][vc_column column_padding=&#8221;no-extra-padding&#8221; column_padding_tablet=&#8221;inherit&#8221; column_padding_phone=&#8221;inherit&#8221; column_padding_position=&#8221;all&#8221; column_element_spacing=&#8221;default&#8221; background_color_opacity=&#8221;1&#8243;&#8230;<\/p>\n","protected":false},"author":1,"featured_media":0,"parent":0,"menu_order":0,"comment_status":"closed","ping_status":"closed","template":"","meta":{"footnotes":""},"class_list":["post-99","page","type-page","status-publish"],"yoast_head":"<!-- This site is optimized with the Yoast SEO plugin v17.1 - https:\/\/yoast.com\/wordpress\/plugins\/seo\/ -->\n<title>autorzy - Sma\u017cenie powide\u0142 metod\u0105 tradycyjn\u0105<\/title>\n<meta name=\"robots\" content=\"index, follow, max-snippet:-1, max-image-preview:large, max-video-preview:-1\" \/>\n<link rel=\"canonical\" href=\"http:\/\/powidla.etnomuzeum.pl\/?page_id=99\" \/>\n<meta property=\"og:locale\" content=\"en_US\" \/>\n<meta property=\"og:type\" content=\"article\" \/>\n<meta property=\"og:title\" content=\"autorzy - Sma\u017cenie powide\u0142 metod\u0105 tradycyjn\u0105\" \/>\n<meta property=\"og:description\" content=\"[vc_row type=&#8221;full_width_background&#8221; full_screen_row_position=&#8221;middle&#8221; column_margin=&#8221;default&#8221; column_direction=&#8221;default&#8221; column_direction_tablet=&#8221;default&#8221; column_direction_phone=&#8221;default&#8221; mouse_based_parallax_bg=&#8221;true&#8221; scene_position=&#8221;center&#8221; mouse_sensitivity=&#8221;25&#8243; layer_one_image=&#8221;100&#8243; layer_one_strength=&#8221;0.1&#8243; layer_two_image=&#8221;101&#8243; layer_two_strength=&#8221;0.5&#8243; bottom_padding=&#8221;1180&#8243; text_color=&#8221;dark&#8221; text_align=&#8221;left&#8221; row_border_radius=&#8221;none&#8221; row_border_radius_applies=&#8221;bg&#8221; overlay_strength=&#8221;0.3&#8243; gradient_direction=&#8221;left_to_right&#8221; shape_divider_position=&#8221;bottom&#8221; bg_image_animation=&#8221;none&#8221; shape_type=&#8221;&#8221;][vc_column column_padding=&#8221;no-extra-padding&#8221; column_padding_tablet=&#8221;inherit&#8221; column_padding_phone=&#8221;inherit&#8221; column_padding_position=&#8221;all&#8221; column_element_spacing=&#8221;default&#8221; background_color_opacity=&#8221;1&#8243;...\" \/>\n<meta property=\"og:url\" content=\"http:\/\/powidla.etnomuzeum.pl\/?page_id=99\" \/>\n<meta property=\"og:site_name\" content=\"Sma\u017cenie powide\u0142 metod\u0105 tradycyjn\u0105\" \/>\n<meta property=\"article:modified_time\" content=\"2021-10-18T10:18:15+00:00\" \/>\n<meta name=\"twitter:card\" content=\"summary_large_image\" \/>\n<meta name=\"twitter:label1\" content=\"Est. reading time\" \/>\n\t<meta name=\"twitter:data1\" content=\"3 minutes\" \/>\n<script type=\"application\/ld+json\" class=\"yoast-schema-graph\">{\"@context\":\"https:\/\/schema.org\",\"@graph\":[{\"@type\":\"WebSite\",\"@id\":\"http:\/\/powidla.etnomuzeum.pl\/#website\",\"url\":\"http:\/\/powidla.etnomuzeum.pl\/\",\"name\":\"Sma\\u017cenie powide\\u0142 metod\\u0105 tradycyjn\\u0105\",\"description\":\"Dziedzictwo Niematerialne\/ Ulotne tradycje\",\"potentialAction\":[{\"@type\":\"SearchAction\",\"target\":{\"@type\":\"EntryPoint\",\"urlTemplate\":\"http:\/\/powidla.etnomuzeum.pl\/?s={search_term_string}\"},\"query-input\":\"required name=search_term_string\"}],\"inLanguage\":\"en-US\"},{\"@type\":\"WebPage\",\"@id\":\"http:\/\/powidla.etnomuzeum.pl\/?page_id=99#webpage\",\"url\":\"http:\/\/powidla.etnomuzeum.pl\/?page_id=99\",\"name\":\"autorzy - Sma\\u017cenie powide\\u0142 metod\\u0105 tradycyjn\\u0105\",\"isPartOf\":{\"@id\":\"http:\/\/powidla.etnomuzeum.pl\/#website\"},\"datePublished\":\"2021-10-16T14:42:54+00:00\",\"dateModified\":\"2021-10-18T10:18:15+00:00\",\"breadcrumb\":{\"@id\":\"http:\/\/powidla.etnomuzeum.pl\/?page_id=99#breadcrumb\"},\"inLanguage\":\"en-US\",\"potentialAction\":[{\"@type\":\"ReadAction\",\"target\":[\"http:\/\/powidla.etnomuzeum.pl\/?page_id=99\"]}]},{\"@type\":\"BreadcrumbList\",\"@id\":\"http:\/\/powidla.etnomuzeum.pl\/?page_id=99#breadcrumb\",\"itemListElement\":[{\"@type\":\"ListItem\",\"position\":1,\"name\":\"Home\",\"item\":\"http:\/\/powidla.etnomuzeum.pl\/\"},{\"@type\":\"ListItem\",\"position\":2,\"name\":\"autorzy\"}]}]}<\/script>\n<!-- \/ Yoast SEO plugin. -->","yoast_head_json":{"title":"autorzy - Sma\u017cenie powide\u0142 metod\u0105 tradycyjn\u0105","robots":{"index":"index","follow":"follow","max-snippet":"max-snippet:-1","max-image-preview":"max-image-preview:large","max-video-preview":"max-video-preview:-1"},"canonical":"http:\/\/powidla.etnomuzeum.pl\/?page_id=99","og_locale":"en_US","og_type":"article","og_title":"autorzy - Sma\u017cenie powide\u0142 metod\u0105 tradycyjn\u0105","og_description":"[vc_row type=&#8221;full_width_background&#8221; full_screen_row_position=&#8221;middle&#8221; column_margin=&#8221;default&#8221; column_direction=&#8221;default&#8221; column_direction_tablet=&#8221;default&#8221; column_direction_phone=&#8221;default&#8221; mouse_based_parallax_bg=&#8221;true&#8221; scene_position=&#8221;center&#8221; mouse_sensitivity=&#8221;25&#8243; layer_one_image=&#8221;100&#8243; layer_one_strength=&#8221;0.1&#8243; layer_two_image=&#8221;101&#8243; layer_two_strength=&#8221;0.5&#8243; bottom_padding=&#8221;1180&#8243; text_color=&#8221;dark&#8221; text_align=&#8221;left&#8221; row_border_radius=&#8221;none&#8221; row_border_radius_applies=&#8221;bg&#8221; overlay_strength=&#8221;0.3&#8243; gradient_direction=&#8221;left_to_right&#8221; shape_divider_position=&#8221;bottom&#8221; bg_image_animation=&#8221;none&#8221; shape_type=&#8221;&#8221;][vc_column column_padding=&#8221;no-extra-padding&#8221; column_padding_tablet=&#8221;inherit&#8221; column_padding_phone=&#8221;inherit&#8221; column_padding_position=&#8221;all&#8221; column_element_spacing=&#8221;default&#8221; background_color_opacity=&#8221;1&#8243;...","og_url":"http:\/\/powidla.etnomuzeum.pl\/?page_id=99","og_site_name":"Sma\u017cenie powide\u0142 metod\u0105 tradycyjn\u0105","article_modified_time":"2021-10-18T10:18:15+00:00","twitter_card":"summary_large_image","twitter_misc":{"Est. reading time":"3 minutes"},"schema":{"@context":"https:\/\/schema.org","@graph":[{"@type":"WebSite","@id":"http:\/\/powidla.etnomuzeum.pl\/#website","url":"http:\/\/powidla.etnomuzeum.pl\/","name":"Sma\u017cenie powide\u0142 metod\u0105 tradycyjn\u0105","description":"Dziedzictwo Niematerialne\/ Ulotne tradycje","potentialAction":[{"@type":"SearchAction","target":{"@type":"EntryPoint","urlTemplate":"http:\/\/powidla.etnomuzeum.pl\/?s={search_term_string}"},"query-input":"required name=search_term_string"}],"inLanguage":"en-US"},{"@type":"WebPage","@id":"http:\/\/powidla.etnomuzeum.pl\/?page_id=99#webpage","url":"http:\/\/powidla.etnomuzeum.pl\/?page_id=99","name":"autorzy - Sma\u017cenie powide\u0142 metod\u0105 tradycyjn\u0105","isPartOf":{"@id":"http:\/\/powidla.etnomuzeum.pl\/#website"},"datePublished":"2021-10-16T14:42:54+00:00","dateModified":"2021-10-18T10:18:15+00:00","breadcrumb":{"@id":"http:\/\/powidla.etnomuzeum.pl\/?page_id=99#breadcrumb"},"inLanguage":"en-US","potentialAction":[{"@type":"ReadAction","target":["http:\/\/powidla.etnomuzeum.pl\/?page_id=99"]}]},{"@type":"BreadcrumbList","@id":"http:\/\/powidla.etnomuzeum.pl\/?page_id=99#breadcrumb","itemListElement":[{"@type":"ListItem","position":1,"name":"Home","item":"http:\/\/powidla.etnomuzeum.pl\/"},{"@type":"ListItem","position":2,"name":"autorzy"}]}]}},"_links":{"self":[{"href":"http:\/\/powidla.etnomuzeum.pl\/index.php?rest_route=\/wp\/v2\/pages\/99","targetHints":{"allow":["GET"]}}],"collection":[{"href":"http:\/\/powidla.etnomuzeum.pl\/index.php?rest_route=\/wp\/v2\/pages"}],"about":[{"href":"http:\/\/powidla.etnomuzeum.pl\/index.php?rest_route=\/wp\/v2\/types\/page"}],"author":[{"embeddable":true,"href":"http:\/\/powidla.etnomuzeum.pl\/index.php?rest_route=\/wp\/v2\/users\/1"}],"replies":[{"embeddable":true,"href":"http:\/\/powidla.etnomuzeum.pl\/index.php?rest_route=%2Fwp%2Fv2%2Fcomments&post=99"}],"version-history":[{"count":7,"href":"http:\/\/powidla.etnomuzeum.pl\/index.php?rest_route=\/wp\/v2\/pages\/99\/revisions"}],"predecessor-version":[{"id":374,"href":"http:\/\/powidla.etnomuzeum.pl\/index.php?rest_route=\/wp\/v2\/pages\/99\/revisions\/374"}],"wp:attachment":[{"href":"http:\/\/powidla.etnomuzeum.pl\/index.php?rest_route=%2Fwp%2Fv2%2Fmedia&parent=99"}],"curies":[{"name":"wp","href":"https:\/\/api.w.org\/{rel}","templated":true}]}}