{"id":428,"date":"2021-11-11T17:49:18","date_gmt":"2021-11-11T16:49:18","guid":{"rendered":"http:\/\/powidla.etnomuzeum.pl\/?page_id=428"},"modified":"2021-11-14T12:12:12","modified_gmt":"2021-11-14T11:12:12","slug":"starte","status":"publish","type":"page","link":"http:\/\/powidla.etnomuzeum.pl\/?page_id=428&lang=en","title":{"rendered":"startE"},"content":{"rendered":"[vc_row type=&#8221;full_width_background&#8221; full_screen_row_position=&#8221;middle&#8221; column_margin=&#8221;default&#8221; column_direction=&#8221;default&#8221; column_direction_tablet=&#8221;default&#8221; column_direction_phone=&#8221;default&#8221; mouse_based_parallax_bg=&#8221;true&#8221; scene_position=&#8221;center&#8221; mouse_sensitivity=&#8221;7&#8243; layer_one_image=&#8221;269&#8243; layer_one_strength=&#8221;0&#8243; layer_two_image=&#8221;267&#8243; layer_two_strength=&#8221;0.08&#8243; layer_three_image=&#8221;443&#8243; layer_three_strength=&#8221;0.13&#8243; layer_four_image=&#8221;270&#8243; layer_four_strength=&#8221;0.22&#8243; layer_five_image=&#8221;268&#8243; layer_five_strength=&#8221;0&#8243; top_padding=&#8221;50&#8243; bottom_padding=&#8221;455&#8243; text_color=&#8221;dark&#8221; text_align=&#8221;left&#8221; row_border_radius=&#8221;none&#8221; row_border_radius_applies=&#8221;bg&#8221; overlay_strength=&#8221;0.3&#8243; gradient_direction=&#8221;left_to_right&#8221; shape_divider_position=&#8221;bottom&#8221; bg_image_animation=&#8221;none&#8221; shape_type=&#8221;&#8221;][vc_column column_padding=&#8221;no-extra-padding&#8221; column_padding_tablet=&#8221;inherit&#8221; column_padding_phone=&#8221;inherit&#8221; column_padding_position=&#8221;all&#8221; column_element_spacing=&#8221;default&#8221; background_color_opacity=&#8221;1&#8243; background_hover_color_opacity=&#8221;1&#8243; column_shadow=&#8221;none&#8221; column_border_radius=&#8221;none&#8221; column_link_target=&#8221;_self&#8221; gradient_direction=&#8221;left_to_right&#8221; overlay_strength=&#8221;0.3&#8243; width=&#8221;1\/1&#8243; tablet_width_inherit=&#8221;default&#8221; tablet_text_alignment=&#8221;default&#8221; phone_text_alignment=&#8221;default&#8221; bg_image_animation=&#8221;none&#8221; border_type=&#8221;simple&#8221; column_border_width=&#8221;none&#8221; column_border_style=&#8221;solid&#8221;][image_with_animation image_url=&#8221;277&#8243; animation=&#8221;Fade In&#8221; hover_animation=&#8221;none&#8221; alignment=&#8221;&#8221; border_radius=&#8221;none&#8221; box_shadow=&#8221;none&#8221; image_loading=&#8221;default&#8221; max_width=&#8221;100%&#8221; max_width_mobile=&#8221;default&#8221; img_link=&#8221;?page_id=424&amp;lang=en&#8221;][\/vc_column][\/vc_row]\n","protected":false},"excerpt":{"rendered":"<p>[vc_row type=&#8221;full_width_background&#8221; full_screen_row_position=&#8221;middle&#8221; column_margin=&#8221;default&#8221; column_direction=&#8221;default&#8221; column_direction_tablet=&#8221;default&#8221; column_direction_phone=&#8221;default&#8221; mouse_based_parallax_bg=&#8221;true&#8221; scene_position=&#8221;center&#8221; mouse_sensitivity=&#8221;7&#8243; layer_one_image=&#8221;269&#8243; layer_one_strength=&#8221;0&#8243; layer_two_image=&#8221;267&#8243; layer_two_strength=&#8221;0.08&#8243; layer_three_image=&#8221;443&#8243; layer_three_strength=&#8221;0.13&#8243; layer_four_image=&#8221;270&#8243; layer_four_strength=&#8221;0.22&#8243; layer_five_image=&#8221;268&#8243; layer_five_strength=&#8221;0&#8243; top_padding=&#8221;50&#8243; bottom_padding=&#8221;455&#8243; text_color=&#8221;dark&#8221; text_align=&#8221;left&#8221; row_border_radius=&#8221;none&#8221; row_border_radius_applies=&#8221;bg&#8221; overlay_strength=&#8221;0.3&#8243; gradient_direction=&#8221;left_to_right&#8221; shape_divider_position=&#8221;bottom&#8221; bg_image_animation=&#8221;none&#8221;&#8230;<\/p>\n","protected":false},"author":1,"featured_media":0,"parent":0,"menu_order":0,"comment_status":"closed","ping_status":"closed","template":"","meta":{"footnotes":""},"class_list":["post-428","page","type-page","status-publish"],"yoast_head":"<!-- This site is optimized with the Yoast SEO plugin v17.1 - https:\/\/yoast.com\/wordpress\/plugins\/seo\/ -->\n<title>startE - Sma\u017cenie powide\u0142 metod\u0105 tradycyjn\u0105<\/title>\n<meta name=\"robots\" content=\"index, follow, max-snippet:-1, max-image-preview:large, max-video-preview:-1\" \/>\n<link rel=\"canonical\" href=\"http:\/\/powidla.etnomuzeum.pl\/?page_id=428&#038;lang=en\" \/>\n<meta property=\"og:locale\" content=\"en_US\" \/>\n<meta property=\"og:type\" content=\"article\" \/>\n<meta property=\"og:title\" content=\"startE - Sma\u017cenie powide\u0142 metod\u0105 tradycyjn\u0105\" \/>\n<meta property=\"og:description\" content=\"[vc_row type=&#8221;full_width_background&#8221; full_screen_row_position=&#8221;middle&#8221; column_margin=&#8221;default&#8221; column_direction=&#8221;default&#8221; column_direction_tablet=&#8221;default&#8221; column_direction_phone=&#8221;default&#8221; mouse_based_parallax_bg=&#8221;true&#8221; scene_position=&#8221;center&#8221; mouse_sensitivity=&#8221;7&#8243; layer_one_image=&#8221;269&#8243; layer_one_strength=&#8221;0&#8243; layer_two_image=&#8221;267&#8243; layer_two_strength=&#8221;0.08&#8243; layer_three_image=&#8221;443&#8243; layer_three_strength=&#8221;0.13&#8243; layer_four_image=&#8221;270&#8243; layer_four_strength=&#8221;0.22&#8243; layer_five_image=&#8221;268&#8243; layer_five_strength=&#8221;0&#8243; top_padding=&#8221;50&#8243; bottom_padding=&#8221;455&#8243; text_color=&#8221;dark&#8221; text_align=&#8221;left&#8221; row_border_radius=&#8221;none&#8221; row_border_radius_applies=&#8221;bg&#8221; overlay_strength=&#8221;0.3&#8243; gradient_direction=&#8221;left_to_right&#8221; shape_divider_position=&#8221;bottom&#8221; bg_image_animation=&#8221;none&#8221;...\" \/>\n<meta property=\"og:url\" content=\"http:\/\/powidla.etnomuzeum.pl\/?page_id=428&amp;lang=en\" \/>\n<meta property=\"og:site_name\" content=\"Sma\u017cenie powide\u0142 metod\u0105 tradycyjn\u0105\" \/>\n<meta property=\"article:modified_time\" content=\"2021-11-14T11:12:12+00:00\" \/>\n<meta name=\"twitter:card\" content=\"summary_large_image\" \/>\n<meta name=\"twitter:label1\" content=\"Est. reading time\" \/>\n\t<meta name=\"twitter:data1\" content=\"1 minute\" \/>\n<script type=\"application\/ld+json\" class=\"yoast-schema-graph\">{\"@context\":\"https:\/\/schema.org\",\"@graph\":[{\"@type\":\"WebSite\",\"@id\":\"http:\/\/powidla.etnomuzeum.pl\/#website\",\"url\":\"http:\/\/powidla.etnomuzeum.pl\/\",\"name\":\"Sma\\u017cenie powide\\u0142 metod\\u0105 tradycyjn\\u0105\",\"description\":\"Dziedzictwo Niematerialne\/ Ulotne tradycje\",\"potentialAction\":[{\"@type\":\"SearchAction\",\"target\":{\"@type\":\"EntryPoint\",\"urlTemplate\":\"http:\/\/powidla.etnomuzeum.pl\/?s={search_term_string}\"},\"query-input\":\"required name=search_term_string\"}],\"inLanguage\":\"en-US\"},{\"@type\":\"WebPage\",\"@id\":\"http:\/\/powidla.etnomuzeum.pl\/?page_id=428&lang=en#webpage\",\"url\":\"http:\/\/powidla.etnomuzeum.pl\/?page_id=428&lang=en\",\"name\":\"startE - Sma\\u017cenie powide\\u0142 metod\\u0105 tradycyjn\\u0105\",\"isPartOf\":{\"@id\":\"http:\/\/powidla.etnomuzeum.pl\/#website\"},\"datePublished\":\"2021-11-11T16:49:18+00:00\",\"dateModified\":\"2021-11-14T11:12:12+00:00\",\"breadcrumb\":{\"@id\":\"http:\/\/powidla.etnomuzeum.pl\/?page_id=428&lang=en#breadcrumb\"},\"inLanguage\":\"en-US\",\"potentialAction\":[{\"@type\":\"ReadAction\",\"target\":[\"http:\/\/powidla.etnomuzeum.pl\/?page_id=428&lang=en\"]}]},{\"@type\":\"BreadcrumbList\",\"@id\":\"http:\/\/powidla.etnomuzeum.pl\/?page_id=428&lang=en#breadcrumb\",\"itemListElement\":[{\"@type\":\"ListItem\",\"position\":1,\"name\":\"Home\",\"item\":\"https:\/\/powidla.etnomuzeum.pl\/\"},{\"@type\":\"ListItem\",\"position\":2,\"name\":\"startE\"}]}]}<\/script>\n<!-- \/ Yoast SEO plugin. -->","yoast_head_json":{"title":"startE - Sma\u017cenie powide\u0142 metod\u0105 tradycyjn\u0105","robots":{"index":"index","follow":"follow","max-snippet":"max-snippet:-1","max-image-preview":"max-image-preview:large","max-video-preview":"max-video-preview:-1"},"canonical":"http:\/\/powidla.etnomuzeum.pl\/?page_id=428&lang=en","og_locale":"en_US","og_type":"article","og_title":"startE - Sma\u017cenie powide\u0142 metod\u0105 tradycyjn\u0105","og_description":"[vc_row type=&#8221;full_width_background&#8221; full_screen_row_position=&#8221;middle&#8221; column_margin=&#8221;default&#8221; column_direction=&#8221;default&#8221; column_direction_tablet=&#8221;default&#8221; column_direction_phone=&#8221;default&#8221; mouse_based_parallax_bg=&#8221;true&#8221; scene_position=&#8221;center&#8221; mouse_sensitivity=&#8221;7&#8243; layer_one_image=&#8221;269&#8243; layer_one_strength=&#8221;0&#8243; layer_two_image=&#8221;267&#8243; layer_two_strength=&#8221;0.08&#8243; layer_three_image=&#8221;443&#8243; layer_three_strength=&#8221;0.13&#8243; layer_four_image=&#8221;270&#8243; layer_four_strength=&#8221;0.22&#8243; layer_five_image=&#8221;268&#8243; layer_five_strength=&#8221;0&#8243; top_padding=&#8221;50&#8243; bottom_padding=&#8221;455&#8243; text_color=&#8221;dark&#8221; text_align=&#8221;left&#8221; row_border_radius=&#8221;none&#8221; row_border_radius_applies=&#8221;bg&#8221; overlay_strength=&#8221;0.3&#8243; gradient_direction=&#8221;left_to_right&#8221; shape_divider_position=&#8221;bottom&#8221; bg_image_animation=&#8221;none&#8221;...","og_url":"http:\/\/powidla.etnomuzeum.pl\/?page_id=428&lang=en","og_site_name":"Sma\u017cenie powide\u0142 metod\u0105 tradycyjn\u0105","article_modified_time":"2021-11-14T11:12:12+00:00","twitter_card":"summary_large_image","twitter_misc":{"Est. reading time":"1 minute"},"schema":{"@context":"https:\/\/schema.org","@graph":[{"@type":"WebSite","@id":"http:\/\/powidla.etnomuzeum.pl\/#website","url":"http:\/\/powidla.etnomuzeum.pl\/","name":"Sma\u017cenie powide\u0142 metod\u0105 tradycyjn\u0105","description":"Dziedzictwo Niematerialne\/ Ulotne tradycje","potentialAction":[{"@type":"SearchAction","target":{"@type":"EntryPoint","urlTemplate":"http:\/\/powidla.etnomuzeum.pl\/?s={search_term_string}"},"query-input":"required name=search_term_string"}],"inLanguage":"en-US"},{"@type":"WebPage","@id":"http:\/\/powidla.etnomuzeum.pl\/?page_id=428&lang=en#webpage","url":"http:\/\/powidla.etnomuzeum.pl\/?page_id=428&lang=en","name":"startE - Sma\u017cenie powide\u0142 metod\u0105 tradycyjn\u0105","isPartOf":{"@id":"http:\/\/powidla.etnomuzeum.pl\/#website"},"datePublished":"2021-11-11T16:49:18+00:00","dateModified":"2021-11-14T11:12:12+00:00","breadcrumb":{"@id":"http:\/\/powidla.etnomuzeum.pl\/?page_id=428&lang=en#breadcrumb"},"inLanguage":"en-US","potentialAction":[{"@type":"ReadAction","target":["http:\/\/powidla.etnomuzeum.pl\/?page_id=428&lang=en"]}]},{"@type":"BreadcrumbList","@id":"http:\/\/powidla.etnomuzeum.pl\/?page_id=428&lang=en#breadcrumb","itemListElement":[{"@type":"ListItem","position":1,"name":"Home","item":"https:\/\/powidla.etnomuzeum.pl\/"},{"@type":"ListItem","position":2,"name":"startE"}]}]}},"_links":{"self":[{"href":"http:\/\/powidla.etnomuzeum.pl\/index.php?rest_route=\/wp\/v2\/pages\/428","targetHints":{"allow":["GET"]}}],"collection":[{"href":"http:\/\/powidla.etnomuzeum.pl\/index.php?rest_route=\/wp\/v2\/pages"}],"about":[{"href":"http:\/\/powidla.etnomuzeum.pl\/index.php?rest_route=\/wp\/v2\/types\/page"}],"author":[{"embeddable":true,"href":"http:\/\/powidla.etnomuzeum.pl\/index.php?rest_route=\/wp\/v2\/users\/1"}],"replies":[{"embeddable":true,"href":"http:\/\/powidla.etnomuzeum.pl\/index.php?rest_route=%2Fwp%2Fv2%2Fcomments&post=428"}],"version-history":[{"count":3,"href":"http:\/\/powidla.etnomuzeum.pl\/index.php?rest_route=\/wp\/v2\/pages\/428\/revisions"}],"predecessor-version":[{"id":444,"href":"http:\/\/powidla.etnomuzeum.pl\/index.php?rest_route=\/wp\/v2\/pages\/428\/revisions\/444"}],"wp:attachment":[{"href":"http:\/\/powidla.etnomuzeum.pl\/index.php?rest_route=%2Fwp%2Fv2%2Fmedia&parent=428"}],"curies":[{"name":"wp","href":"https:\/\/api.w.org\/{rel}","templated":true}]}}