{"id":420,"date":"2021-11-11T17:46:10","date_gmt":"2021-11-11T16:46:10","guid":{"rendered":"http:\/\/powidla.etnomuzeum.pl\/?page_id=420"},"modified":"2021-11-14T13:31:47","modified_gmt":"2021-11-14T12:31:47","slug":"literaturae","status":"publish","type":"page","link":"http:\/\/powidla.etnomuzeum.pl\/?page_id=420&lang=en","title":{"rendered":"literaturaE"},"content":{"rendered":"[vc_row type=&#8221;full_width_content&#8221; full_screen_row_position=&#8221;middle&#8221; column_margin=&#8221;default&#8221; column_direction=&#8221;default&#8221; column_direction_tablet=&#8221;default&#8221; column_direction_phone=&#8221;default&#8221; mouse_based_parallax_bg=&#8221;true&#8221; scene_position=&#8221;center&#8221; mouse_sensitivity=&#8221;25&#8243; layer_one_image=&#8221;154&#8243; layer_one_strength=&#8221;0.1&#8243; layer_two_image=&#8221;155&#8243; layer_two_strength=&#8221;1&#8243; bottom_padding=&#8221;737&#8243; text_color=&#8221;dark&#8221; text_align=&#8221;left&#8221; row_border_radius=&#8221;none&#8221; row_border_radius_applies=&#8221;bg&#8221; overlay_strength=&#8221;0.3&#8243; gradient_direction=&#8221;left_to_right&#8221; shape_divider_position=&#8221;bottom&#8221; bg_image_animation=&#8221;none&#8221; shape_type=&#8221;&#8221;][vc_column column_padding=&#8221;no-extra-padding&#8221; column_padding_tablet=&#8221;inherit&#8221; column_padding_phone=&#8221;inherit&#8221; column_padding_position=&#8221;all&#8221; column_element_spacing=&#8221;default&#8221; background_color_opacity=&#8221;1&#8243; background_hover_color_opacity=&#8221;1&#8243; column_shadow=&#8221;none&#8221; column_border_radius=&#8221;none&#8221; column_link_target=&#8221;_self&#8221; gradient_direction=&#8221;left_to_right&#8221; overlay_strength=&#8221;0.3&#8243; width=&#8221;1\/1&#8243; tablet_width_inherit=&#8221;default&#8221; tablet_text_alignment=&#8221;default&#8221; phone_text_alignment=&#8221;default&#8221; bg_image_animation=&#8221;none&#8221; border_type=&#8221;simple&#8221; column_border_width=&#8221;none&#8221; column_border_style=&#8221;solid&#8221;][\/vc_column][\/vc_row][vc_row type=&#8221;in_container&#8221; full_screen_row_position=&#8221;middle&#8221; column_margin=&#8221;default&#8221; column_direction=&#8221;default&#8221; column_direction_tablet=&#8221;default&#8221; column_direction_phone=&#8221;default&#8221; scene_position=&#8221;center&#8221; top_padding=&#8221;60&#8243; bottom_padding=&#8221;20&#8243; text_color=&#8221;dark&#8221; text_align=&#8221;left&#8221; row_border_radius=&#8221;none&#8221; row_border_radius_applies=&#8221;bg&#8221; overlay_strength=&#8221;0.3&#8243; gradient_direction=&#8221;left_to_right&#8221; shape_divider_position=&#8221;bottom&#8221; bg_image_animation=&#8221;none&#8221; shape_type=&#8221;&#8221;][vc_column column_padding=&#8221;no-extra-padding&#8221; column_padding_tablet=&#8221;inherit&#8221; column_padding_phone=&#8221;inherit&#8221; column_padding_position=&#8221;all&#8221; column_element_spacing=&#8221;10px&#8221; background_color_opacity=&#8221;1&#8243; background_hover_color_opacity=&#8221;1&#8243; column_shadow=&#8221;none&#8221; column_border_radius=&#8221;none&#8221; column_link_target=&#8221;_self&#8221; gradient_direction=&#8221;left_to_right&#8221; overlay_strength=&#8221;0.3&#8243; width=&#8221;1\/1&#8243; tablet_width_inherit=&#8221;default&#8221; tablet_text_alignment=&#8221;default&#8221; phone_text_alignment=&#8221;default&#8221; bg_image_animation=&#8221;none&#8221; border_type=&#8221;simple&#8221; column_border_width=&#8221;none&#8221; column_border_style=&#8221;solid&#8221;][vc_column_text]\n<h3 style=\"text-align: center;\">Making Plum Jam in a traditional way<\/h3>\n[\/vc_column_text][vc_column_text]\n<h4 style=\"text-align: center;\"><span style=\"color: #800080;\">Literature<\/span><\/h4>\n[\/vc_column_text][\/vc_column][\/vc_row][vc_row type=&#8221;in_container&#8221; full_screen_row_position=&#8221;middle&#8221; column_margin=&#8221;default&#8221; column_direction=&#8221;default&#8221; column_direction_tablet=&#8221;default&#8221; column_direction_phone=&#8221;default&#8221; scene_position=&#8221;center&#8221; bottom_padding=&#8221;150&#8243; text_color=&#8221;dark&#8221; text_align=&#8221;left&#8221; row_border_radius=&#8221;none&#8221; row_border_radius_applies=&#8221;bg&#8221; overlay_strength=&#8221;0.3&#8243; gradient_direction=&#8221;left_to_right&#8221; shape_divider_position=&#8221;bottom&#8221; bg_image_animation=&#8221;none&#8221; shape_type=&#8221;&#8221;][vc_column column_padding=&#8221;no-extra-padding&#8221; column_padding_tablet=&#8221;inherit&#8221; column_padding_phone=&#8221;inherit&#8221; column_padding_position=&#8221;all&#8221; column_element_spacing=&#8221;default&#8221; background_color_opacity=&#8221;1&#8243; background_hover_color_opacity=&#8221;1&#8243; column_shadow=&#8221;none&#8221; column_border_radius=&#8221;none&#8221; column_link_target=&#8221;_self&#8221; gradient_direction=&#8221;left_to_right&#8221; overlay_strength=&#8221;0.3&#8243; width=&#8221;1\/1&#8243; tablet_width_inherit=&#8221;default&#8221; tablet_text_alignment=&#8221;default&#8221; phone_text_alignment=&#8221;default&#8221; bg_image_animation=&#8221;none&#8221; border_type=&#8221;simple&#8221; column_border_width=&#8221;none&#8221; column_border_style=&#8221;solid&#8221;][vc_column_text]<em>Gospodarstwo Ogrodnicze G. Hentschel, Cennik G\u0142\u00f3wny 1938 &#8211; 1939, <\/em>J.K Kuszel<em>, <\/em>Zak\u0142ady Graficzne, Toru\u0144 1938.<\/p>\n<p><em>Dawne odmiany drzew owocowych uprawianych w Polsce.<\/em> T. 1 <em>Pestkowe<\/em>, pr. zb. pod red. Prof. Dr hab. Andrzeja Przyby\u0142y, Towarzystwo Przyjaci\u00f3\u0142 Dolnej Wis\u0142y, Zesp\u00f3\u0142 Park\u00f3w Krajobrazowych nad Doln\u0105 Wis\u0142\u0105, Gruczo 2020<\/p>\n<p><em>Encyklopedia Rolnicza,<\/em> t. X, Nak\u0142adem Muzeum Przemys\u0142u i Rolnictwa, Warszawa 1901.<\/p>\n<p>Falimirz Stefan, <em>O zio\u0142ach y o mocy ich<\/em> [\u2026], Drukarnia Floriana Vingleriusa, Krak\u00f3w 1534.<\/p>\n<p>Haur Jan Jakub, <em>Oekonomika ziemia\u0144ska generalna,<\/em> Drukarnia Wojciecha Dominika Siarkowskiego, 1744 Krak\u00f3w.<\/p>\n<p><em>Historia kultury materialnej Polski w zarysie<\/em>, pr. zb. pod. red. Witolda Hensla i Jana Pazdura, t. II-VI, Wydawnictwo Polskiej Akademii Nauk, Wroc\u0142aw- Warszawa-Krak\u00f3w, 1978-1979.<\/p>\n<p><em>Historia Pomorza,<\/em> pod red. Gerarda Labudy, t. III, cz.1 (1815-1850), Pozna\u0144skie Towarzystwo Przyjaci\u00f3\u0142 Nauk, Pozna\u0144 1993.<\/p>\n<p>Hoszowski Stanis\u0142aw, <em>Lustracja Wojew\u00f3dztwa Pomorskiego 1565,<\/em> Gda\u0144skie Towarzystwo naukowe, Gda\u0144sk 1961<\/p>\n<p>Kostrzewski J\u00f3zef, <em>Pradzieje Pomorza<\/em>, Zak\u0142ad Narodowy im. Ossoli\u0144skich, Wroc\u0142aw-Warszawa-Krak\u00f3w, 1966.<\/p>\n<p>\u0141\u0119ga W\u0142adys\u0142aw, <em>Okolice \u015awiecia. Materia\u0142y etnograficzne, <\/em>Gda\u0144skie Towarzystwo Naukowe, Gda\u0144sk 1960.<\/p>\n<p>\u0141\u0119ga W\u0142adys\u0142aw, <em>Ziemia Che\u0142mi\u0144ska<\/em>, Prace i Materia\u0142y Etnograficzne, Polskie Towarzystwo Ludoznawcze, Wroc\u0142aw 1961<\/p>\n<p>Mienicki Ryszard<em>, Inwentarz d\u00f3br Biskupstwa Che\u0142mi\u0144skiego z roku 1759,<\/em> Towarzystwo Naukowe w Toruniu, Fontes 47, Toru\u0144 1959.<\/p>\n<p>Nowi\u0144ski Marian<em>, Dzieje ro\u015blin i upraw ogrodniczych<\/em>, Pa\u0144stwowe Wydawnictwo Rolnicze i Le\u015bne, Warszawa 1977<\/p>\n<p>Ossowski Konstanty, <em>Z nizin \u015bwiecko \u2013 nowskich, <\/em>w: \u201eZiemia\u201d, nr 9, 1926.<\/p>\n<p>Pogonowska Krystyna<em>, Rozw\u00f3j przetw\u00f3rstwa owocowo- warzywnego na ziemiach polskich ze szczeg\u00f3lnym uwzgl\u0119dnieniem ziem by\u0142ego zaboru pruskiego,<\/em> w:\u201d Rocznik Muzeum Rolnictwa w Szreniawie, , t. 7, Pa\u0144stwowe Wydawnictwa Rolnicze i Le\u015bne, Warszawa 1974, s.65-91.<\/p>\n<p><em>Poradnik sadowniczy starych odmian drzew owocowych<\/em>, pr. Zn. Pod re. Renaty Sobieralskiej, Towarzystwo Przyjaci\u00f3\u0142 Dolnej Wis\u0142y, \u015awiecie 2004<\/p>\n<p><em>Powid\u0142a \u015bliwkowe z Doliny Dolnej Wis\u0142y<\/em>, pr. zb., Biblioteka Towarzystwa Przyjaci\u00f3\u0142 Dolnej Wis\u0142y,<\/p>\n<p><em>Tradycyjne sady przydomowe,<\/em> praca zbiorowa. Pod. red. Renaty Sobierajski i Jaros\u0142awa Paj\u0105kowskiego, Zesp\u00f3\u0142 Park\u00f3w Krajobrazowych Che\u0142mi\u0144skiego i Nadwi\u015bla\u0144skiego, Towarzystwa Przyjaci\u00f3\u0142 Dolnej Wis\u0142y, \u015awiecie 2008\/2009<\/p>\n<p><em>Zarys historii gospodarstwa wiejskiego w Polsce<\/em>, t.1,opr. zb., Pa\u0144stwowe Wydawnictwo Rolnicze i Le\u015bne, Warszawa 1964<\/p>\n<p><em>Zarys historii gospodarstwa wiejskiego w Polsce<\/em>, t.2,opr. zb., Pa\u0144stwowe Wydawnictwo Rolnicze i Le\u015bne, Warszawa 1964<\/p>\n[\/vc_column_text][\/vc_column][\/vc_row]\n","protected":false},"excerpt":{"rendered":"<p>[vc_row type=&#8221;full_width_content&#8221; full_screen_row_position=&#8221;middle&#8221; column_margin=&#8221;default&#8221; column_direction=&#8221;default&#8221; column_direction_tablet=&#8221;default&#8221; column_direction_phone=&#8221;default&#8221; mouse_based_parallax_bg=&#8221;true&#8221; scene_position=&#8221;center&#8221; mouse_sensitivity=&#8221;25&#8243; layer_one_image=&#8221;154&#8243; layer_one_strength=&#8221;0.1&#8243; layer_two_image=&#8221;155&#8243; layer_two_strength=&#8221;1&#8243; bottom_padding=&#8221;737&#8243; text_color=&#8221;dark&#8221; text_align=&#8221;left&#8221; row_border_radius=&#8221;none&#8221; row_border_radius_applies=&#8221;bg&#8221; overlay_strength=&#8221;0.3&#8243; gradient_direction=&#8221;left_to_right&#8221; shape_divider_position=&#8221;bottom&#8221; bg_image_animation=&#8221;none&#8221; shape_type=&#8221;&#8221;][vc_column column_padding=&#8221;no-extra-padding&#8221; column_padding_tablet=&#8221;inherit&#8221; column_padding_phone=&#8221;inherit&#8221; column_padding_position=&#8221;all&#8221; column_element_spacing=&#8221;default&#8221; background_color_opacity=&#8221;1&#8243;&#8230;<\/p>\n","protected":false},"author":1,"featured_media":0,"parent":0,"menu_order":0,"comment_status":"closed","ping_status":"closed","template":"","meta":{"footnotes":""},"class_list":["post-420","page","type-page","status-publish"],"yoast_head":"<!-- This site is optimized with the Yoast SEO plugin v17.1 - https:\/\/yoast.com\/wordpress\/plugins\/seo\/ -->\n<title>literaturaE - Sma\u017cenie powide\u0142 metod\u0105 tradycyjn\u0105<\/title>\n<meta name=\"robots\" content=\"index, follow, max-snippet:-1, max-image-preview:large, max-video-preview:-1\" \/>\n<link rel=\"canonical\" href=\"http:\/\/powidla.etnomuzeum.pl\/?page_id=420&#038;lang=en\" \/>\n<meta property=\"og:locale\" content=\"en_US\" \/>\n<meta property=\"og:type\" content=\"article\" \/>\n<meta property=\"og:title\" content=\"literaturaE - Sma\u017cenie powide\u0142 metod\u0105 tradycyjn\u0105\" \/>\n<meta property=\"og:description\" content=\"[vc_row type=&#8221;full_width_content&#8221; full_screen_row_position=&#8221;middle&#8221; column_margin=&#8221;default&#8221; column_direction=&#8221;default&#8221; column_direction_tablet=&#8221;default&#8221; column_direction_phone=&#8221;default&#8221; mouse_based_parallax_bg=&#8221;true&#8221; scene_position=&#8221;center&#8221; mouse_sensitivity=&#8221;25&#8243; layer_one_image=&#8221;154&#8243; layer_one_strength=&#8221;0.1&#8243; layer_two_image=&#8221;155&#8243; layer_two_strength=&#8221;1&#8243; bottom_padding=&#8221;737&#8243; text_color=&#8221;dark&#8221; text_align=&#8221;left&#8221; row_border_radius=&#8221;none&#8221; row_border_radius_applies=&#8221;bg&#8221; overlay_strength=&#8221;0.3&#8243; gradient_direction=&#8221;left_to_right&#8221; shape_divider_position=&#8221;bottom&#8221; bg_image_animation=&#8221;none&#8221; shape_type=&#8221;&#8221;][vc_column column_padding=&#8221;no-extra-padding&#8221; column_padding_tablet=&#8221;inherit&#8221; column_padding_phone=&#8221;inherit&#8221; column_padding_position=&#8221;all&#8221; column_element_spacing=&#8221;default&#8221; background_color_opacity=&#8221;1&#8243;...\" \/>\n<meta property=\"og:url\" content=\"http:\/\/powidla.etnomuzeum.pl\/?page_id=420&amp;lang=en\" \/>\n<meta property=\"og:site_name\" content=\"Sma\u017cenie powide\u0142 metod\u0105 tradycyjn\u0105\" \/>\n<meta property=\"article:modified_time\" content=\"2021-11-14T12:31:47+00:00\" \/>\n<meta name=\"twitter:card\" content=\"summary_large_image\" \/>\n<meta name=\"twitter:label1\" content=\"Est. reading time\" \/>\n\t<meta name=\"twitter:data1\" content=\"4 minutes\" \/>\n<script type=\"application\/ld+json\" class=\"yoast-schema-graph\">{\"@context\":\"https:\/\/schema.org\",\"@graph\":[{\"@type\":\"WebSite\",\"@id\":\"http:\/\/powidla.etnomuzeum.pl\/#website\",\"url\":\"http:\/\/powidla.etnomuzeum.pl\/\",\"name\":\"Sma\\u017cenie powide\\u0142 metod\\u0105 tradycyjn\\u0105\",\"description\":\"Dziedzictwo Niematerialne\/ Ulotne tradycje\",\"potentialAction\":[{\"@type\":\"SearchAction\",\"target\":{\"@type\":\"EntryPoint\",\"urlTemplate\":\"http:\/\/powidla.etnomuzeum.pl\/?s={search_term_string}\"},\"query-input\":\"required name=search_term_string\"}],\"inLanguage\":\"en-US\"},{\"@type\":\"WebPage\",\"@id\":\"http:\/\/powidla.etnomuzeum.pl\/?page_id=420&lang=en#webpage\",\"url\":\"http:\/\/powidla.etnomuzeum.pl\/?page_id=420&lang=en\",\"name\":\"literaturaE - Sma\\u017cenie powide\\u0142 metod\\u0105 tradycyjn\\u0105\",\"isPartOf\":{\"@id\":\"http:\/\/powidla.etnomuzeum.pl\/#website\"},\"datePublished\":\"2021-11-11T16:46:10+00:00\",\"dateModified\":\"2021-11-14T12:31:47+00:00\",\"breadcrumb\":{\"@id\":\"http:\/\/powidla.etnomuzeum.pl\/?page_id=420&lang=en#breadcrumb\"},\"inLanguage\":\"en-US\",\"potentialAction\":[{\"@type\":\"ReadAction\",\"target\":[\"http:\/\/powidla.etnomuzeum.pl\/?page_id=420&lang=en\"]}]},{\"@type\":\"BreadcrumbList\",\"@id\":\"http:\/\/powidla.etnomuzeum.pl\/?page_id=420&lang=en#breadcrumb\",\"itemListElement\":[{\"@type\":\"ListItem\",\"position\":1,\"name\":\"Home\",\"item\":\"https:\/\/powidla.etnomuzeum.pl\/\"},{\"@type\":\"ListItem\",\"position\":2,\"name\":\"literaturaE\"}]}]}<\/script>\n<!-- \/ Yoast SEO plugin. -->","yoast_head_json":{"title":"literaturaE - Sma\u017cenie powide\u0142 metod\u0105 tradycyjn\u0105","robots":{"index":"index","follow":"follow","max-snippet":"max-snippet:-1","max-image-preview":"max-image-preview:large","max-video-preview":"max-video-preview:-1"},"canonical":"http:\/\/powidla.etnomuzeum.pl\/?page_id=420&lang=en","og_locale":"en_US","og_type":"article","og_title":"literaturaE - Sma\u017cenie powide\u0142 metod\u0105 tradycyjn\u0105","og_description":"[vc_row type=&#8221;full_width_content&#8221; full_screen_row_position=&#8221;middle&#8221; column_margin=&#8221;default&#8221; column_direction=&#8221;default&#8221; column_direction_tablet=&#8221;default&#8221; column_direction_phone=&#8221;default&#8221; mouse_based_parallax_bg=&#8221;true&#8221; scene_position=&#8221;center&#8221; mouse_sensitivity=&#8221;25&#8243; layer_one_image=&#8221;154&#8243; layer_one_strength=&#8221;0.1&#8243; layer_two_image=&#8221;155&#8243; layer_two_strength=&#8221;1&#8243; bottom_padding=&#8221;737&#8243; text_color=&#8221;dark&#8221; text_align=&#8221;left&#8221; row_border_radius=&#8221;none&#8221; row_border_radius_applies=&#8221;bg&#8221; overlay_strength=&#8221;0.3&#8243; gradient_direction=&#8221;left_to_right&#8221; shape_divider_position=&#8221;bottom&#8221; bg_image_animation=&#8221;none&#8221; shape_type=&#8221;&#8221;][vc_column column_padding=&#8221;no-extra-padding&#8221; column_padding_tablet=&#8221;inherit&#8221; column_padding_phone=&#8221;inherit&#8221; column_padding_position=&#8221;all&#8221; column_element_spacing=&#8221;default&#8221; background_color_opacity=&#8221;1&#8243;...","og_url":"http:\/\/powidla.etnomuzeum.pl\/?page_id=420&lang=en","og_site_name":"Sma\u017cenie powide\u0142 metod\u0105 tradycyjn\u0105","article_modified_time":"2021-11-14T12:31:47+00:00","twitter_card":"summary_large_image","twitter_misc":{"Est. reading time":"4 minutes"},"schema":{"@context":"https:\/\/schema.org","@graph":[{"@type":"WebSite","@id":"http:\/\/powidla.etnomuzeum.pl\/#website","url":"http:\/\/powidla.etnomuzeum.pl\/","name":"Sma\u017cenie powide\u0142 metod\u0105 tradycyjn\u0105","description":"Dziedzictwo Niematerialne\/ Ulotne tradycje","potentialAction":[{"@type":"SearchAction","target":{"@type":"EntryPoint","urlTemplate":"http:\/\/powidla.etnomuzeum.pl\/?s={search_term_string}"},"query-input":"required name=search_term_string"}],"inLanguage":"en-US"},{"@type":"WebPage","@id":"http:\/\/powidla.etnomuzeum.pl\/?page_id=420&lang=en#webpage","url":"http:\/\/powidla.etnomuzeum.pl\/?page_id=420&lang=en","name":"literaturaE - Sma\u017cenie powide\u0142 metod\u0105 tradycyjn\u0105","isPartOf":{"@id":"http:\/\/powidla.etnomuzeum.pl\/#website"},"datePublished":"2021-11-11T16:46:10+00:00","dateModified":"2021-11-14T12:31:47+00:00","breadcrumb":{"@id":"http:\/\/powidla.etnomuzeum.pl\/?page_id=420&lang=en#breadcrumb"},"inLanguage":"en-US","potentialAction":[{"@type":"ReadAction","target":["http:\/\/powidla.etnomuzeum.pl\/?page_id=420&lang=en"]}]},{"@type":"BreadcrumbList","@id":"http:\/\/powidla.etnomuzeum.pl\/?page_id=420&lang=en#breadcrumb","itemListElement":[{"@type":"ListItem","position":1,"name":"Home","item":"https:\/\/powidla.etnomuzeum.pl\/"},{"@type":"ListItem","position":2,"name":"literaturaE"}]}]}},"_links":{"self":[{"href":"http:\/\/powidla.etnomuzeum.pl\/index.php?rest_route=\/wp\/v2\/pages\/420","targetHints":{"allow":["GET"]}}],"collection":[{"href":"http:\/\/powidla.etnomuzeum.pl\/index.php?rest_route=\/wp\/v2\/pages"}],"about":[{"href":"http:\/\/powidla.etnomuzeum.pl\/index.php?rest_route=\/wp\/v2\/types\/page"}],"author":[{"embeddable":true,"href":"http:\/\/powidla.etnomuzeum.pl\/index.php?rest_route=\/wp\/v2\/users\/1"}],"replies":[{"embeddable":true,"href":"http:\/\/powidla.etnomuzeum.pl\/index.php?rest_route=%2Fwp%2Fv2%2Fcomments&post=420"}],"version-history":[{"count":3,"href":"http:\/\/powidla.etnomuzeum.pl\/index.php?rest_route=\/wp\/v2\/pages\/420\/revisions"}],"predecessor-version":[{"id":488,"href":"http:\/\/powidla.etnomuzeum.pl\/index.php?rest_route=\/wp\/v2\/pages\/420\/revisions\/488"}],"wp:attachment":[{"href":"http:\/\/powidla.etnomuzeum.pl\/index.php?rest_route=%2Fwp%2Fv2%2Fmedia&parent=420"}],"curies":[{"name":"wp","href":"https:\/\/api.w.org\/{rel}","templated":true}]}}